{"id":130,"date":"2020-05-26T08:35:01","date_gmt":"2020-05-26T07:35:01","guid":{"rendered":"https:\/\/gasthaus-obermaier.de\/?page_id=130"},"modified":"2020-05-26T09:54:01","modified_gmt":"2020-05-26T08:54:01","slug":"biergarten","status":"publish","type":"page","link":"https:\/\/gasthaus-obermaier.de\/index.php\/biergarten\/","title":{"rendered":"Biergarten"},"content":{"rendered":"\n<p>In unserem \u00fcberdachten Biergarten k\u00f6nnen Sie bestens auf urigen Sitzb\u00e4nken Platz nehmen und diesen sommerlichen Treffpunkt hervorragend genie\u00dfen.<\/p>\n\n\n\n<figure class=\"wp-block-gallery columns-3 is-cropped wp-block-gallery-1 is-layout-flex wp-block-gallery-is-layout-flex\"><ul class=\"blocks-gallery-grid\"><li class=\"blocks-gallery-item\"><figure><img loading=\"lazy\" decoding=\"async\" width=\"768\" height=\"1024\" src=\"https:\/\/gasthaus-obermaier.de\/wp-content\/uploads\/2020\/05\/Biergarten_blau-768x1024.jpg\" alt=\"\" data-id=\"179\" data-full-url=\"https:\/\/gasthaus-obermaier.de\/wp-content\/uploads\/2020\/05\/Biergarten_blau-rotated.jpg\" data-link=\"https:\/\/gasthaus-obermaier.de\/index.php\/biergarten\/biergarten_blau\/\" class=\"wp-image-179\" srcset=\"https:\/\/gasthaus-obermaier.de\/wp-content\/uploads\/2020\/05\/Biergarten_blau-768x1024.jpg 768w, https:\/\/gasthaus-obermaier.de\/wp-content\/uploads\/2020\/05\/Biergarten_blau-225x300.jpg 225w, https:\/\/gasthaus-obermaier.de\/wp-content\/uploads\/2020\/05\/Biergarten_blau-1152x1536.jpg 1152w, https:\/\/gasthaus-obermaier.de\/wp-content\/uploads\/2020\/05\/Biergarten_blau-45x60.jpg 45w, https:\/\/gasthaus-obermaier.de\/wp-content\/uploads\/2020\/05\/Biergarten_blau-rotated.jpg 1512w\" sizes=\"auto, (max-width: 768px) 100vw, 768px\" \/><\/figure><\/li><li class=\"blocks-gallery-item\"><figure><img loading=\"lazy\" decoding=\"async\" width=\"768\" height=\"1024\" src=\"https:\/\/gasthaus-obermaier.de\/wp-content\/uploads\/2020\/05\/Biergarten_blau_II-768x1024.jpg\" alt=\"\" data-id=\"180\" data-full-url=\"https:\/\/gasthaus-obermaier.de\/wp-content\/uploads\/2020\/05\/Biergarten_blau_II-rotated.jpg\" data-link=\"https:\/\/gasthaus-obermaier.de\/index.php\/biergarten\/biergarten_blau_ii\/\" class=\"wp-image-180\" srcset=\"https:\/\/gasthaus-obermaier.de\/wp-content\/uploads\/2020\/05\/Biergarten_blau_II-768x1024.jpg 768w, https:\/\/gasthaus-obermaier.de\/wp-content\/uploads\/2020\/05\/Biergarten_blau_II-225x300.jpg 225w, https:\/\/gasthaus-obermaier.de\/wp-content\/uploads\/2020\/05\/Biergarten_blau_II-1152x1536.jpg 1152w, https:\/\/gasthaus-obermaier.de\/wp-content\/uploads\/2020\/05\/Biergarten_blau_II-45x60.jpg 45w, https:\/\/gasthaus-obermaier.de\/wp-content\/uploads\/2020\/05\/Biergarten_blau_II-rotated.jpg 1512w\" sizes=\"auto, (max-width: 768px) 100vw, 768px\" \/><\/figure><\/li><li class=\"blocks-gallery-item\"><figure><img loading=\"lazy\" decoding=\"async\" width=\"1024\" height=\"768\" src=\"https:\/\/gasthaus-obermaier.de\/wp-content\/uploads\/2020\/05\/Biergarten_rot-1024x768.jpg\" alt=\"\" data-id=\"181\" data-full-url=\"https:\/\/gasthaus-obermaier.de\/wp-content\/uploads\/2020\/05\/Biergarten_rot.jpg\" data-link=\"https:\/\/gasthaus-obermaier.de\/index.php\/biergarten\/biergarten_rot\/\" class=\"wp-image-181\" srcset=\"https:\/\/gasthaus-obermaier.de\/wp-content\/uploads\/2020\/05\/Biergarten_rot-1024x768.jpg 1024w, https:\/\/gasthaus-obermaier.de\/wp-content\/uploads\/2020\/05\/Biergarten_rot-300x225.jpg 300w, https:\/\/gasthaus-obermaier.de\/wp-content\/uploads\/2020\/05\/Biergarten_rot-768x576.jpg 768w, https:\/\/gasthaus-obermaier.de\/wp-content\/uploads\/2020\/05\/Biergarten_rot-1536x1152.jpg 1536w, https:\/\/gasthaus-obermaier.de\/wp-content\/uploads\/2020\/05\/Biergarten_rot-80x60.jpg 80w, https:\/\/gasthaus-obermaier.de\/wp-content\/uploads\/2020\/05\/Biergarten_rot.jpg 2016w\" sizes=\"auto, (max-width: 1024px) 100vw, 1024px\" \/><\/figure><\/li><\/ul><\/figure>\n","protected":false},"excerpt":{"rendered":"<p>In unserem \u00fcberdachten Biergarten k\u00f6nnen Sie bestens auf urigen Sitzb\u00e4nken Platz nehmen und diesen sommerlichen Treffpunkt hervorragend genie\u00dfen.<\/p>\n","protected":false},"author":4,"featured_media":0,"parent":0,"menu_order":0,"comment_status":"closed","ping_status":"closed","template":"","meta":{"footnotes":""},"class_list":["post-130","page","type-page","status-publish","hentry"],"_links":{"self":[{"href":"https:\/\/gasthaus-obermaier.de\/index.php\/wp-json\/wp\/v2\/pages\/130","targetHints":{"allow":["GET"]}}],"collection":[{"href":"https:\/\/gasthaus-obermaier.de\/index.php\/wp-json\/wp\/v2\/pages"}],"about":[{"href":"https:\/\/gasthaus-obermaier.de\/index.php\/wp-json\/wp\/v2\/types\/page"}],"author":[{"embeddable":true,"href":"https:\/\/gasthaus-obermaier.de\/index.php\/wp-json\/wp\/v2\/users\/4"}],"replies":[{"embeddable":true,"href":"https:\/\/gasthaus-obermaier.de\/index.php\/wp-json\/wp\/v2\/comments?post=130"}],"version-history":[{"count":2,"href":"https:\/\/gasthaus-obermaier.de\/index.php\/wp-json\/wp\/v2\/pages\/130\/revisions"}],"predecessor-version":[{"id":182,"href":"https:\/\/gasthaus-obermaier.de\/index.php\/wp-json\/wp\/v2\/pages\/130\/revisions\/182"}],"wp:attachment":[{"href":"https:\/\/gasthaus-obermaier.de\/index.php\/wp-json\/wp\/v2\/media?parent=130"}],"curies":[{"name":"wp","href":"https:\/\/api.w.org\/{rel}","templated":true}]}}