{"id":230,"date":"2020-06-02T07:55:31","date_gmt":"2020-06-02T06:55:31","guid":{"rendered":"https:\/\/gasthaus-obermaier.de\/?page_id=230"},"modified":"2020-06-02T07:55:31","modified_gmt":"2020-06-02T06:55:31","slug":"stornierungsbedingungen","status":"publish","type":"page","link":"https:\/\/gasthaus-obermaier.de\/index.php\/stornierungsbedingungen\/","title":{"rendered":"Stornierungsbedingungen"},"content":{"rendered":"\n<p>Sollten Sie Ihre \u00dcbernachtung in unserem Haus nicht antreten k\u00f6nnen, bitten wir um schnellstm\u00f6gliche Absage.<\/p>\n\n\n\n<p>Andernfalls sehen wir uns leider gezwungen, die gebuchte \u00dcbernachtung exklusive Fr\u00fchst\u00fcck in Rechnung zu stellen.<\/p>\n\n\n\n<p><strong><em><u>Einzelbuchung:<\/u><\/em><\/strong><br>Ihr gebuchtes Zimmer k\u00f6nnen Sie bis zu einem Tag vor Anreise kostenlos stornieren.<\/p>\n\n\n\n<p><strong><em><u>Kurzfristige Buchungen:<\/u><\/em><\/strong><br>Buchungen innerhalb von einer Woche vor Anreise k\u00f6nnen bis zu einem Tag vor Anreise kostenlos storniert werden.<\/p>\n\n\n\n<p><strong><em><u>Sammelbuchungen:<\/u><\/em><\/strong><br>Gruppenbuchungen k\u00f6nnen bis zu einer Woche vor Anreise kostenlos storniert werden.<\/p>\n","protected":false},"excerpt":{"rendered":"<p>Sollten Sie Ihre \u00dcbernachtung in unserem Haus nicht antreten k\u00f6nnen, bitten wir um schnellstm\u00f6gliche Absage. Andernfalls sehen wir uns leider gezwungen, die gebuchte \u00dcbernachtung exklusive Fr\u00fchst\u00fcck in Rechnung zu stellen. Einzelbuchung:Ihr gebuchtes Zimmer k\u00f6nnen Sie bis zu einem Tag vor Anreise kostenlos stornieren. Kurzfristige Buchungen:Buchungen innerhalb von einer Woche vor Anreise k\u00f6nnen bis zu einem &hellip; <\/p>\n","protected":false},"author":4,"featured_media":0,"parent":0,"menu_order":0,"comment_status":"closed","ping_status":"closed","template":"","meta":{"footnotes":""},"class_list":["post-230","page","type-page","status-publish","hentry"],"_links":{"self":[{"href":"https:\/\/gasthaus-obermaier.de\/index.php\/wp-json\/wp\/v2\/pages\/230","targetHints":{"allow":["GET"]}}],"collection":[{"href":"https:\/\/gasthaus-obermaier.de\/index.php\/wp-json\/wp\/v2\/pages"}],"about":[{"href":"https:\/\/gasthaus-obermaier.de\/index.php\/wp-json\/wp\/v2\/types\/page"}],"author":[{"embeddable":true,"href":"https:\/\/gasthaus-obermaier.de\/index.php\/wp-json\/wp\/v2\/users\/4"}],"replies":[{"embeddable":true,"href":"https:\/\/gasthaus-obermaier.de\/index.php\/wp-json\/wp\/v2\/comments?post=230"}],"version-history":[{"count":1,"href":"https:\/\/gasthaus-obermaier.de\/index.php\/wp-json\/wp\/v2\/pages\/230\/revisions"}],"predecessor-version":[{"id":233,"href":"https:\/\/gasthaus-obermaier.de\/index.php\/wp-json\/wp\/v2\/pages\/230\/revisions\/233"}],"wp:attachment":[{"href":"https:\/\/gasthaus-obermaier.de\/index.php\/wp-json\/wp\/v2\/media?parent=230"}],"curies":[{"name":"wp","href":"https:\/\/api.w.org\/{rel}","templated":true}]}}