{"id":55,"date":"2020-05-25T11:13:23","date_gmt":"2020-05-25T10:13:23","guid":{"rendered":"https:\/\/gasthaus-obermaier.de\/?page_id=55"},"modified":"2022-06-15T09:17:15","modified_gmt":"2022-06-15T08:17:15","slug":"home","status":"publish","type":"page","link":"https:\/\/gasthaus-obermaier.de\/","title":{"rendered":"Home"},"content":{"rendered":"\n<p><\/p>\n\n\n\n<div class=\"wp-block-algori-image-video-slider-block-algori-image-video-slider dots-style-1-off-slide arrows-style-1-off-slide\" data-slick=\"{&quot;dots&quot;:true,&quot;arrows&quot;:true,&quot;autoplay&quot;:false,&quot;pauseOnFocus&quot;:false,&quot;rtl&quot;:false,&quot;vertical&quot;:false,&quot;fade&quot;:false,&quot;lazyLoad&quot;:false,&quot;centerMode&quot;:false,&quot;infinite&quot;:true,&quot;adaptiveHeight&quot;:true,&quot;speed&quot;:500,&quot;autoplaySpeed&quot;:3000,&quot;slidesToShow&quot;:1,&quot;slidesToScroll&quot;:1,&quot;rows&quot;:1,&quot;slidesPerRow&quot;:1}\"><div><figure class=\"algori-image-video-slider-slide-container\"><img decoding=\"async\" src=\"https:\/\/gasthaus-obermaier.de\/wp-content\/uploads\/2022\/06\/Biergarten.jpg\" alt=\"\"\/><\/figure><\/div><div><figure class=\"algori-image-video-slider-slide-container\"><img decoding=\"async\" src=\"https:\/\/gasthaus-obermaier.de\/wp-content\/uploads\/2022\/06\/Saal.jpg\" alt=\"\"\/><\/figure><\/div><div><figure class=\"algori-image-video-slider-slide-container\"><img decoding=\"async\" src=\"https:\/\/gasthaus-obermaier.de\/wp-content\/uploads\/2022\/06\/Sideboard.jpg\" alt=\"\"\/><\/figure><\/div><div><figure class=\"algori-image-video-slider-slide-container\"><img decoding=\"async\" src=\"https:\/\/gasthaus-obermaier.de\/wp-content\/uploads\/2022\/06\/Zimmer.jpg\" alt=\"\"\/><\/figure><\/div><\/div>\n\n\n\n<p><\/p>\n\n\n\n<p>Herzlich willkommen liebe G\u00e4ste aus nah und fern,<\/p>\n\n\n\n<p>wir freuen uns Sie auf unserer Homepage begr\u00fc\u00dfen zu d\u00fcrfen.<\/p>\n\n\n\n<p>Unser Gasthaus mit Pension ist ein familiengef\u00fchrtes Wirtshaus und befindet sich in einem idyllischen Gemeindeteil von Sankt Wolfgang. Seit Fertigstellung der A94 sind Sie noch schneller in M\u00fcnchen und Umgebung (M\u00fcnchen Zentrum 35 Minuten \/ Messegel\u00e4nde Riem 25 Minuten \/ M\u00fcnchner Flughafen 30 Minuten \/ Therme Erding 20 Minuten). Die Anschlussstellen Lengdorf und Dorfen liegen nur wenige Kilometer von uns entfernt.<\/p>\n\n\n\n<p>Unser Saal oder die &#8222;Pils Schupfa&#8220; sowie unser \u00fcberdachter Biergarten sind bestens f\u00fcr Feierlichkeiten aller Art geeignet. Alle G\u00e4stezimmer sind freundlich und sehr geschmackvoll eingerichtet und verf\u00fcgen \u00fcber TV, WLAN, Schreibtisch, Dusche und WC. F\u00fcr unsere G\u00e4ste befindet sich ein gro\u00dfer Parkplatz vor unserem Haus. Auf Anfrage stehen Ihnen ebenfalls Tiefgaragenstellpl\u00e4tze zur Verf\u00fcgung.<\/p>\n\n\n\n<p>Unser Ziel ist es Sie in gepflegter Gastlichkeit, typisch bayerischem Ambiente und traditioneller K\u00fcche rundum zu verw\u00f6hnen.<\/p>\n\n\n\n<p>Wir freuen uns Sie bald in unserem Haus begr\u00fc\u00dfen zu d\u00fcrfen.<\/p>\n\n\n\n<p>Ihre Familie Obermaier<\/p>\n","protected":false},"excerpt":{"rendered":"<p>Herzlich willkommen liebe G\u00e4ste aus nah und fern, wir freuen uns Sie auf unserer Homepage begr\u00fc\u00dfen zu d\u00fcrfen. Unser Gasthaus mit Pension ist ein familiengef\u00fchrtes Wirtshaus und befindet sich in einem idyllischen Gemeindeteil von Sankt Wolfgang. Seit Fertigstellung der A94 sind Sie noch schneller in M\u00fcnchen und Umgebung (M\u00fcnchen Zentrum 35 Minuten \/ Messegel\u00e4nde Riem &hellip; <\/p>\n","protected":false},"author":4,"featured_media":0,"parent":0,"menu_order":1,"comment_status":"closed","ping_status":"closed","template":"","meta":{"footnotes":""},"class_list":["post-55","page","type-page","status-publish","hentry"],"_links":{"self":[{"href":"https:\/\/gasthaus-obermaier.de\/index.php\/wp-json\/wp\/v2\/pages\/55","targetHints":{"allow":["GET"]}}],"collection":[{"href":"https:\/\/gasthaus-obermaier.de\/index.php\/wp-json\/wp\/v2\/pages"}],"about":[{"href":"https:\/\/gasthaus-obermaier.de\/index.php\/wp-json\/wp\/v2\/types\/page"}],"author":[{"embeddable":true,"href":"https:\/\/gasthaus-obermaier.de\/index.php\/wp-json\/wp\/v2\/users\/4"}],"replies":[{"embeddable":true,"href":"https:\/\/gasthaus-obermaier.de\/index.php\/wp-json\/wp\/v2\/comments?post=55"}],"version-history":[{"count":14,"href":"https:\/\/gasthaus-obermaier.de\/index.php\/wp-json\/wp\/v2\/pages\/55\/revisions"}],"predecessor-version":[{"id":246,"href":"https:\/\/gasthaus-obermaier.de\/index.php\/wp-json\/wp\/v2\/pages\/55\/revisions\/246"}],"wp:attachment":[{"href":"https:\/\/gasthaus-obermaier.de\/index.php\/wp-json\/wp\/v2\/media?parent=55"}],"curies":[{"name":"wp","href":"https:\/\/api.w.org\/{rel}","templated":true}]}}