{"id":92,"date":"2020-05-25T11:26:59","date_gmt":"2020-05-25T10:26:59","guid":{"rendered":"https:\/\/gasthaus-obermaier.de\/?page_id=92"},"modified":"2020-05-26T12:07:03","modified_gmt":"2020-05-26T11:07:03","slug":"oeffnungszeiten","status":"publish","type":"page","link":"https:\/\/gasthaus-obermaier.de\/index.php\/oeffnungszeiten\/","title":{"rendered":"\u00d6ffnungszeiten"},"content":{"rendered":"\n<p>Montag, Dienstag, Mittwoch und Freitag   ab 17:00 Uhr<\/p>\n\n\n\n<p>Donnerstag Ruhetag<\/p>\n\n\n\n<p>Samstag und Sonntag nach Vereinbarung<\/p>\n\n\n\n<p>Veranstaltungen oder Feierlichkeiten sind au\u00dferhalb der \u00d6ffnungszeiten nach Vereinbarung m\u00f6glich.<\/p>\n","protected":false},"excerpt":{"rendered":"<p>Montag, Dienstag, Mittwoch und Freitag ab 17:00 Uhr Donnerstag Ruhetag Samstag und Sonntag nach Vereinbarung Veranstaltungen oder Feierlichkeiten sind au\u00dferhalb der \u00d6ffnungszeiten nach Vereinbarung m\u00f6glich.<\/p>\n","protected":false},"author":4,"featured_media":0,"parent":0,"menu_order":0,"comment_status":"closed","ping_status":"closed","template":"","meta":{"footnotes":""},"class_list":["post-92","page","type-page","status-publish","hentry"],"_links":{"self":[{"href":"https:\/\/gasthaus-obermaier.de\/index.php\/wp-json\/wp\/v2\/pages\/92","targetHints":{"allow":["GET"]}}],"collection":[{"href":"https:\/\/gasthaus-obermaier.de\/index.php\/wp-json\/wp\/v2\/pages"}],"about":[{"href":"https:\/\/gasthaus-obermaier.de\/index.php\/wp-json\/wp\/v2\/types\/page"}],"author":[{"embeddable":true,"href":"https:\/\/gasthaus-obermaier.de\/index.php\/wp-json\/wp\/v2\/users\/4"}],"replies":[{"embeddable":true,"href":"https:\/\/gasthaus-obermaier.de\/index.php\/wp-json\/wp\/v2\/comments?post=92"}],"version-history":[{"count":3,"href":"https:\/\/gasthaus-obermaier.de\/index.php\/wp-json\/wp\/v2\/pages\/92\/revisions"}],"predecessor-version":[{"id":192,"href":"https:\/\/gasthaus-obermaier.de\/index.php\/wp-json\/wp\/v2\/pages\/92\/revisions\/192"}],"wp:attachment":[{"href":"https:\/\/gasthaus-obermaier.de\/index.php\/wp-json\/wp\/v2\/media?parent=92"}],"curies":[{"name":"wp","href":"https:\/\/api.w.org\/{rel}","templated":true}]}}